{"id":2,"date":"2024-03-26T16:21:28","date_gmt":"2024-03-26T19:21:28","guid":{"rendered":"https:\/\/acpbr.com.br\/?page_id=2"},"modified":"2024-07-25T12:39:36","modified_gmt":"2024-07-25T15:39:36","slug":"index","status":"publish","type":"page","link":"https:\/\/acpbr.com.br\/","title":{"rendered":"Principal"},"content":{"rendered":"\t\t<div data-elementor-type=\"wp-page\" data-elementor-id=\"2\" class=\"elementor elementor-2\">\n\t\t\t\t<div class=\"elementor-element elementor-element-768cf45 e-flex e-con-boxed e-con e-parent\" data-id=\"768cf45\" data-element_type=\"container\" data-e-type=\"container\" data-settings=\"{&quot;background_background&quot;:&quot;classic&quot;}\">\n\t\t\t\t\t<div class=\"e-con-inner\">\n\t\t\t\t<div class=\"elementor-element elementor-element-0b03b9a elementor-widget elementor-widget-image\" data-id=\"0b03b9a\" data-element_type=\"widget\" data-e-type=\"widget\" data-widget_type=\"image.default\">\n\t\t\t\t<div class=\"elementor-widget-container\">\n\t\t\t\t\t\t\t\t\t\t\t\t\t\t\t<img fetchpriority=\"high\" decoding=\"async\" width=\"976\" height=\"281\" src=\"https:\/\/acpbr.com.br\/wp-content\/uploads\/2024\/07\/a25a883e2839aa0fc8f31038da4abfe6.png\" class=\"attachment-full size-full wp-image-51\" alt=\"\" srcset=\"https:\/\/acpbr.com.br\/wp-content\/uploads\/2024\/07\/a25a883e2839aa0fc8f31038da4abfe6.png 976w, https:\/\/acpbr.com.br\/wp-content\/uploads\/2024\/07\/a25a883e2839aa0fc8f31038da4abfe6-300x86.png 300w, https:\/\/acpbr.com.br\/wp-content\/uploads\/2024\/07\/a25a883e2839aa0fc8f31038da4abfe6-768x221.png 768w\" sizes=\"(max-width: 976px) 100vw, 976px\" \/>\t\t\t\t\t\t\t\t\t\t\t\t\t\t\t<\/div>\n\t\t\t\t<\/div>\n\t\t\t\t<div class=\"elementor-element elementor-element-0d7adb0 elementor-widget elementor-widget-text-editor\" data-id=\"0d7adb0\" data-element_type=\"widget\" data-e-type=\"widget\" data-widget_type=\"text-editor.default\">\n\t\t\t\t<div class=\"elementor-widget-container\">\n\t\t\t\t\t\t\t\t\t<p>A ACP controle de acesso e ponto foi comprada pelo grupo <a href=\"https:\/\/www.bmvix.com.br\/\"><span style=\"color: #932d34;\"><strong>BMVIX<\/strong><\/span><\/a> Tecnologia.\u00a0 E para melhor atender aos clientes dividimos os clientes nos grupos.<\/p>\t\t\t\t\t\t\t\t<\/div>\n\t\t\t\t<\/div>\n\t\t\t\t<div class=\"elementor-element elementor-element-f253738 elementor-align-center elementor-widget elementor-widget-button\" data-id=\"f253738\" data-element_type=\"widget\" data-e-type=\"widget\" data-widget_type=\"button.default\">\n\t\t\t\t<div class=\"elementor-widget-container\">\n\t\t\t\t\t\t\t\t\t<div class=\"elementor-button-wrapper\">\n\t\t\t\t\t<a class=\"elementor-button elementor-button-link elementor-size-sm elementor-animation-grow\" href=\"https:\/\/www.bmvix.com.br\/\">\n\t\t\t\t\t\t<span class=\"elementor-button-content-wrapper\">\n\t\t\t\t\t\t<span class=\"elementor-button-icon\">\n\t\t\t\t<svg aria-hidden=\"true\" class=\"e-font-icon-svg e-far-arrow-alt-circle-right\" viewBox=\"0 0 512 512\" xmlns=\"http:\/\/www.w3.org\/2000\/svg\"><path d=\"M504 256C504 119 393 8 256 8S8 119 8 256s111 248 248 248 248-111 248-248zm-448 0c0-110.5 89.5-200 200-200s200 89.5 200 200-89.5 200-200 200S56 366.5 56 256zm72 20v-40c0-6.6 5.4-12 12-12h116v-67c0-10.7 12.9-16 20.5-8.5l99 99c4.7 4.7 4.7 12.3 0 17l-99 99c-7.6 7.6-20.5 2.2-20.5-8.5v-67H140c-6.6 0-12-5.4-12-12z\"><\/path><\/svg>\t\t\t<\/span>\n\t\t\t\t\t\t\t\t\t<span class=\"elementor-button-text\">Visite o site da BMVIX<\/span>\n\t\t\t\t\t<\/span>\n\t\t\t\t\t<\/a>\n\t\t\t\t<\/div>\n\t\t\t\t\t\t\t\t<\/div>\n\t\t\t\t<\/div>\n\t\t\t\t<div class=\"elementor-element elementor-element-436981d elementor-widget elementor-widget-heading\" data-id=\"436981d\" data-element_type=\"widget\" data-e-type=\"widget\" data-widget_type=\"heading.default\">\n\t\t\t\t<div class=\"elementor-widget-container\">\n\t\t\t\t\t<h2 class=\"elementor-heading-title elementor-size-default\">No mercado desde 2009 fornecendo solu\u00e7\u00f5es completas para seu controle de ponto, acesso.\nCom equipe de suporte especializada para fornecer uma solu\u00e7\u00e3o completa para sua demanda.\nNos menus acima voc\u00ea pode acessar o nosso site institucional ou ent\u00e3o nossa p\u00e1gina para conhecer sistema de ponto WEB, uma solu\u00e7\u00e3o completa e moderna. Utilizando: APP para celular, tablet, computador, rel\u00f3gios com ou sem a impress\u00e3o de comprovantes, todos de acordo com a portaria 671\/2021 do Minist\u00e9rio do Trabalho<\/h2>\t\t\t\t<\/div>\n\t\t\t\t<\/div>\n\t\t\t\t\t<\/div>\n\t\t\t\t<\/div>\n\t\t\t\t<\/div>\n\t\t","protected":false},"excerpt":{"rendered":"<p>A ACP controle de acesso e ponto foi comprada pelo grupo BMVIX Tecnologia.\u00a0 E para melhor atender aos clientes dividimos os clientes nos grupos. Visite o site da BMVIX No mercado desde 2009 fornecendo solu\u00e7\u00f5es completas para seu controle de ponto, acesso. Com equipe de suporte especializada para fornecer uma solu\u00e7\u00e3o completa para sua demanda. [&hellip;]<\/p>\n","protected":false},"author":1,"featured_media":0,"parent":0,"menu_order":0,"comment_status":"closed","ping_status":"closed","template":"elementor_canvas","meta":{"_monsterinsights_skip_tracking":false,"_monsterinsights_sitenote_active":false,"_monsterinsights_sitenote_note":"","_monsterinsights_sitenote_category":0,"footnotes":""},"class_list":["post-2","page","type-page","status-publish","hentry"],"aioseo_notices":[],"_links":{"self":[{"href":"https:\/\/acpbr.com.br\/index.php\/wp-json\/wp\/v2\/pages\/2","targetHints":{"allow":["GET"]}}],"collection":[{"href":"https:\/\/acpbr.com.br\/index.php\/wp-json\/wp\/v2\/pages"}],"about":[{"href":"https:\/\/acpbr.com.br\/index.php\/wp-json\/wp\/v2\/types\/page"}],"author":[{"embeddable":true,"href":"https:\/\/acpbr.com.br\/index.php\/wp-json\/wp\/v2\/users\/1"}],"replies":[{"embeddable":true,"href":"https:\/\/acpbr.com.br\/index.php\/wp-json\/wp\/v2\/comments?post=2"}],"version-history":[{"count":42,"href":"https:\/\/acpbr.com.br\/index.php\/wp-json\/wp\/v2\/pages\/2\/revisions"}],"predecessor-version":[{"id":72,"href":"https:\/\/acpbr.com.br\/index.php\/wp-json\/wp\/v2\/pages\/2\/revisions\/72"}],"wp:attachment":[{"href":"https:\/\/acpbr.com.br\/index.php\/wp-json\/wp\/v2\/media?parent=2"}],"curies":[{"name":"wp","href":"https:\/\/api.w.org\/{rel}","templated":true}]}}